{"id":80,"date":"2013-12-22T16:24:16","date_gmt":"2013-12-22T15:24:16","guid":{"rendered":"http:\/\/www.valleyofgoldenglow.nl\/test\/?page_id=80"},"modified":"2023-09-05T21:29:58","modified_gmt":"2023-09-05T20:29:58","slug":"fellow","status":"publish","type":"page","link":"https:\/\/www.valleyofgoldenglow.nl\/index.php\/fellow\/","title":{"rendered":"Onze Oudjes"},"content":{"rendered":"<p style=\"text-align: left;\"><strong>Tribute to Tweedmouth Yes You Did\u00a0 <\/strong>(03-06-2009 \u2020 27-01-2020)<a href=\"http:\/\/www.k9data.com\/pedigree.asp?ID=541415\" target=\"_blank\" rel=\"noopener noreferrer\"><img loading=\"lazy\" decoding=\"async\" class=\" wp-image-365 aligncenter\" src=\"http:\/\/www.valleyofgoldenglow.nl\/test\/wp-content\/uploads\/2013\/12\/Chester-K9-data.jpg\" alt=\"Chester K9 data\" width=\"1531\" height=\"804\" srcset=\"https:\/\/www.valleyofgoldenglow.nl\/wp-content\/uploads\/2013\/12\/Chester-K9-data.jpg 1531w, https:\/\/www.valleyofgoldenglow.nl\/wp-content\/uploads\/2013\/12\/Chester-K9-data-300x157.jpg 300w, https:\/\/www.valleyofgoldenglow.nl\/wp-content\/uploads\/2013\/12\/Chester-K9-data-1024x537.jpg 1024w, https:\/\/www.valleyofgoldenglow.nl\/wp-content\/uploads\/2013\/12\/Chester-K9-data-500x262.jpg 500w\" sizes=\"auto, (max-width: 1531px) 100vw, 1531px\" \/><\/a><strong>HD A &#8211; ED 0-0\u00a0\u00a0\u00a0\u00a0\u00a0\u00a0\u00a0<\/strong><strong>Ogen<\/strong> (ECVO)<strong>: <\/strong><strong>Vrij\u00a0 \u00a0 \u00a0 Fokdag GRCN: Uitmuntend<\/strong><\/p>\n<p><strong>PRCD PRA: Clear\u00a0\u00a0\u00a0\u00a0\u00a0\u00a0\u00a0\u00a0GR PRA 1 &#8211; 2: Clear\u00a0\u00a0\u00a0\u00a0\u00a0\u00a0\u00a0\u00a0Ichtyosis: Carrier<\/strong><\/p>\n<p style=\"text-align: left;\"><img loading=\"lazy\" decoding=\"async\" class=\" wp-image-385 alignleft\" src=\"http:\/\/www.valleyofgoldenglow.nl\/test\/wp-content\/uploads\/2013\/12\/Logo_DNA_profile_reg_JPG_-_engels_01-244x300.jpg\" alt=\"raad DNAprof registered:Opmaak 1\" width=\"98\" height=\"109\" \/><\/p>\n<p><strong><br \/>\nChester<\/strong> was een Flinke jongeman met veel potentie op gebied van show en jacht, gefokt uit echte Engelse Dual Purpose lijnen (Catcombe kennel uit Engeland).<\/p>\n<p><strong>Show:\u00a0\u00a0\u00a0\u00a0 <\/strong>Op zijn eerste show debuut in Belgi\u00eb werd hij dan ook meteen 2 Veel Belovend bij keurmeester Mrs. M. Woods, een mooi resultaat voor een pup van 5 maanden! Ook op de Nieuwjaarsshow van de GRCN ging het goed, daar werd hij 4 Veel belovend met een mooi rapport. Nadien volgden nog verschillende Shows met goede resultaten.<\/p>\n<p><strong>Chester<\/strong> is uitgegroeid tot een mooi goudkleurige stevige reu met een atletische bouw, een zeer zachtaardig karakter een goede gezondheid en pittige werklust.<\/p>\n<p><strong>Jacht:\u00a0\u00a0\u00a0\u00a0 <\/strong>Als pup tijdens de jachttraining stak regelmatig zijn ietwat &#8220;stoute&#8221; karaktertje de kop op, maar daar wisten we wel raad mee\u2026 Hij kon zich gedragen als een clown maar weet inmiddels ook wanneer het serieus is. <strong>Chester<\/strong> heeft ervaring in de praktijk jacht opgedaaan. Hij ging mee het veld in tijdens de jacht op duif, eend, gans, Fazant en Haas, daar wist hij zich keurig te gedragen en liet zijn doorzeting vermogen zien. <strong>Chester<\/strong> was in het bezit van een aantal <strong>KNJV B diploma&#8217;s<\/strong> en <strong>B1 Working test Certificaten<\/strong>.<\/p>\n<p><strong>Chester overleed op 27 januari 2020 en is 10 jaar oud geworden.<\/strong><\/p>\n<p style=\"text-align: center;\"><img loading=\"lazy\" decoding=\"async\" class=\"aligncenter\" title=\"Stamboom Chester\" src=\"http:\/\/www.valleyofgoldenglow.nl\/test\/wp-content\/uploads\/2013\/12\/IMAG0006.gif\" alt=\"IMAG0006\" width=\"285\" height=\"31\" \/><\/p>\n<p><strong>Vision Bibi van de Hollandergraven<\/strong> (04-02-2008 \u2020 17-04-2022)<a href=\"http:\/\/www.k9data.com\/pedigree.asp?ID=541416\" target=\"_blank\" rel=\"noopener noreferrer\"><img loading=\"lazy\" decoding=\"async\" class=\" wp-image-166 aligncenter\" src=\"http:\/\/www.valleyofgoldenglow.nl\/test\/wp-content\/uploads\/2013\/12\/Nicky-K9-data.jpg\" alt=\"\" width=\"1531\" height=\"804\" srcset=\"https:\/\/www.valleyofgoldenglow.nl\/wp-content\/uploads\/2013\/12\/Nicky-K9-data.jpg 1531w, https:\/\/www.valleyofgoldenglow.nl\/wp-content\/uploads\/2013\/12\/Nicky-K9-data-300x157.jpg 300w, https:\/\/www.valleyofgoldenglow.nl\/wp-content\/uploads\/2013\/12\/Nicky-K9-data-1024x537.jpg 1024w, https:\/\/www.valleyofgoldenglow.nl\/wp-content\/uploads\/2013\/12\/Nicky-K9-data-500x262.jpg 500w\" sizes=\"auto, (max-width: 1531px) 100vw, 1531px\" \/><\/a><strong>HD A &#8211; ED 0-0\u00a0\u00a0\u00a0\u00a0\u00a0\u00a0\u00a0\u00a0\u00a0 <\/strong><strong>Ogen <\/strong>(ECVO)<strong>: Vrij\u00a0\u00a0\u00a0\u00a0\u00a0\u00a0\u00a0\u00a0\u00a0 Fokdag GRCN: Uitmuntend<\/strong><\/p>\n<p><strong>PRCD PRA: Clear\u00a0\u00a0\u00a0\u00a0\u00a0\u00a0\u00a0\u00a0\u00a0 GR PRA 1 &#8211; 2: Clear\u00a0\u00a0\u00a0\u00a0\u00a0\u00a0\u00a0\u00a0\u00a0 Ichtyosis: Carrier<\/strong><\/p>\n<p><img loading=\"lazy\" decoding=\"async\" class=\"wp-image-385 alignleft\" src=\"http:\/\/www.valleyofgoldenglow.nl\/test\/wp-content\/uploads\/2013\/12\/Logo_DNA_profile_reg_JPG_-_engels_01-244x300.jpg\" alt=\"raad DNAprof registered:Opmaak 1\" width=\"98\" height=\"109\" \/><a title=\"Show resultaten Nicky\" href=\"http:\/\/www.k9data.com\/pedigree.asp?ID=541416\" target=\"_blank\" rel=\"noopener noreferrer\">Stamboom<\/a><\/p>\n<p><a title=\"Show Uitslagen Nicky\" href=\"http:\/\/www.valleyofgoldenglow.nl\/wp-content\/uploads\/2016\/11\/Uitslagen-show-Nicky-WP.pdf\" target=\"_blank\" rel=\"noopener noreferrer\">Show resultaten<\/a><\/p>\n<p><a title=\"Werk resultaten\" href=\"http:\/\/www.valleyofgoldenglow.nl\/wp-content\/uploads\/2016\/11\/Uitslagen-werk-Nicky-WP.pdf\" target=\"_blank\" rel=\"noopener noreferrer\">Werk resultaten<\/a><\/p>\n<p><strong>Nicky<\/strong> was een mooie pup met potentie waar wij in de show en in de jacht toch wel veel verwachtingen van hadden.<\/p>\n<p><strong>Show:\u00a0\u00a0\u00a0\u00a0 <\/strong>&#8220;Beauty &amp; Brains&#8221;. Op de shows laat\u00a0<strong>Nicky<\/strong> zich geweldig zien met mooi vlak gangwerk en een vrolijke staart. Als pup van 6 maanden liep ze op de zomershow van de GRCN een mooie Very promising 3de plaats bij mrs. P. Gowland! Een mooie start in haar nog jonge leventje! Op de Show in Bleiswijk werd Nicky Beste puppy teef en beste pup van het ras en in Arnhem op de Pinkstershow kreeg ze haar eerste Uitmuntend!\u00a0Een paar jaar\u00a0later haalde ze in Arnhem op de pinkstershow\u00a0ook nog eens\u00a0het <strong>Reserve CAC\/CACIB. <\/strong>Voor ons h\u00e9t bewijs dat dual purpose echt bestaat.<\/p>\n<p>Op ruim 10 jarige leeftijd behaalde zij het veteranen CAC en titel beste Veteraan op de clubmatch van de GRCN. super trots op onze spring in &#8217;t veld!<\/p>\n<p><strong>Jacht:\u00a0\u00a0\u00a0\u00a0 <\/strong>Tijdens de trainingen laat\u00a0<strong>Nicky<\/strong> zich van haar fanatieke kant zien! Een pittige dame die graag wil werken voor ons. In middels heeft ze al vele diploma&#8217;s behaald waaronder meerdere KNJV B diploma&#8217;s, MAP B Diploma&#8217;s en een\u00a0 JPC\u00a0 en WT A diploma. Iets waar wij bijzonder trots op zijn!<\/p>\n<p>Ook heeft <strong>Nicky<\/strong> inmiddels veel ervaring op gedaan in het jacht veld, zij ging met enige regelmaat mee tijdens de jacht op duiven, kraaien en ganzen maar ook op de eenden, fazanten en hazen jacht.<\/p>\n<p>Inmiddels heeft Nicky haar rust dik verdient en geniet lekker van het leven met wandelingen in het bos en aan het strand. af en toie gaat ze nog mee naar de trainingen war ze de jonkies even kan laten zien &#8220;hoe &#8217;t heurt&#8221;<\/p>\n<p><strong>Nicky overleed op 1ste paasdag, 17 april 2022 op een leeftijd van14 jaar<\/strong><\/p>\n<p><img loading=\"lazy\" decoding=\"async\" class=\"aligncenter\" title=\"Stamboom Chester\" src=\"http:\/\/www.valleyofgoldenglow.nl\/test\/wp-content\/uploads\/2013\/12\/IMAG0006.gif\" alt=\"IMAG0006\" width=\"285\" height=\"31\" \/><\/p>\n<hr \/>\n<p><strong>Fellow from the Cottage Flat Roof<\/strong> (25-01-2002 \u2020 18-05-2015)<\/p>\n<p style=\"text-align: left;\"><a href=\"http:\/\/www.k9data.com\/pedigree.asp?ID=578713\"><img loading=\"lazy\" decoding=\"async\" class=\" wp-image-367 aligncenter\" src=\"http:\/\/www.valleyofgoldenglow.nl\/test\/wp-content\/uploads\/2013\/12\/Fellow-2-1024x537.jpg\" alt=\"Fellow 2\" width=\"584\" height=\"306\" srcset=\"https:\/\/www.valleyofgoldenglow.nl\/wp-content\/uploads\/2013\/12\/Fellow-2-1024x537.jpg 1024w, https:\/\/www.valleyofgoldenglow.nl\/wp-content\/uploads\/2013\/12\/Fellow-2-300x157.jpg 300w, https:\/\/www.valleyofgoldenglow.nl\/wp-content\/uploads\/2013\/12\/Fellow-2-500x262.jpg 500w, https:\/\/www.valleyofgoldenglow.nl\/wp-content\/uploads\/2013\/12\/Fellow-2.jpg 1531w\" sizes=\"auto, (max-width: 584px) 100vw, 584px\" \/><\/a>HD\u00a0B1 &#8211; ED 0-0\u00a0\u00a0\u00a0\u00a0\u00a0\u00a0\u00a0 Ogen (ECVO)\u00a0&#8211;\u00a0Vrij\u00a0\u00a0\u00a0\u00a0\u00a0\u00a0\u00a0 Fokdag GRCN en GRCB : 2 x UITMUNTEND<\/p>\n<p style=\"text-align: left;\"><a title=\"Fellow\" href=\"http:\/\/www.k9data.com\/pedigree.asp?ID=578713\" target=\"_blank\" rel=\"noopener noreferrer\">Stamboom<\/a><\/p>\n<p style=\"text-align: left;\"><strong>Show:\u00a0\u00a0\u00a0\u00a0 <\/strong>Fellow was een mooie krachtige klassiek gebouwde reu van het oude Engelse type met een mooie diep gouden kleur. Met fellow hebben we aardig wat shows gelopen met een mooie resultaten. Als pup haalde hij al de kwalificatie Veel Belovend\u00a0 met een tweede plaats. Daarop volgend behaald hij regelmatig een Uitmuntend op diverse shows in Nederland en Belgi\u00eb. \u00e9\u00e9n van zijn\u00a0rapporten bevatte de tekst \u201c Zeer Goede ras vertegenwoordiger\u201d en daar zijn wij best trots op.<\/p>\n<p style=\"text-align: left;\"><strong>Jacht:\u00a0\u00a0\u00a0\u00a0 <\/strong>Met de jacht trainingen zijn we pas wat later begonnen, Fellow was al 1 jaar toen we met de jacht in aanraking kwamen, een flinke achterstand dus maar met veel begeleiding en doorzetten\u00a0heeft Fellow een aantal mooie KNJV B diploma&#8217;s en ook een aantal KNJV map B diploma\u2019s gehaald. Ook is fellow een paar keer mee het veld in geweest met de jacht op eenden en duiven.\u00a0Voor hem \u00e9n voor ons een unieke\u00a0ervaring en het begin van onze hobby.<\/p>\n<p style=\"text-align: left;\">Inmiddels heeft fellow een respectabele leeftijd bereikt en is hij <strong>&#8220;met Pensioen&#8221;.<\/strong>\u00a0\u00a0\u00a0\u00a0 \u00a0\u00a0 Hij geniet lekker van\u00a0onze wandelingetjes door het bos en aan het strand, gaat nog regelmatig mee naar de training en mag dan ook nog graag een\u00a0dummytje of een stukje\u00a0wild ophalen&#8230;<\/p>\n<p><strong>Fellow overleed in mei 2015, hij is 13 jaar oud geworden&#8230;<\/strong><\/p>\n<p style=\"text-align: left;\"><img loading=\"lazy\" decoding=\"async\" class=\" wp-image-486 aligncenter\" src=\"http:\/\/www.valleyofgoldenglow.nl\/test\/wp-content\/uploads\/2013\/12\/fellow2-1024x359.jpg\" alt=\"fellow2\" width=\"584\" height=\"204\" srcset=\"https:\/\/www.valleyofgoldenglow.nl\/wp-content\/uploads\/2013\/12\/fellow2-1024x359.jpg 1024w, https:\/\/www.valleyofgoldenglow.nl\/wp-content\/uploads\/2013\/12\/fellow2-300x105.jpg 300w, https:\/\/www.valleyofgoldenglow.nl\/wp-content\/uploads\/2013\/12\/fellow2-500x175.jpg 500w, https:\/\/www.valleyofgoldenglow.nl\/wp-content\/uploads\/2013\/12\/fellow2.jpg 1320w\" sizes=\"auto, (max-width: 584px) 100vw, 584px\" \/><\/p>\n<p><img loading=\"lazy\" decoding=\"async\" class=\"size-full wp-image-324 aligncenter\" src=\"http:\/\/www.valleyofgoldenglow.nl\/test\/wp-content\/uploads\/2013\/12\/IMAG0006.gif\" alt=\"IMAG0006\" width=\"285\" height=\"31\" \/><\/p>\n","protected":false},"excerpt":{"rendered":"<p>Tribute to Tweedmouth Yes You Did\u00a0 (03-06-2009 \u2020 27-01-2020)HD A &#8211; ED 0-0\u00a0\u00a0\u00a0\u00a0\u00a0\u00a0\u00a0Ogen (ECVO): Vrij\u00a0 \u00a0 \u00a0 Fokdag GRCN: Uitmuntend PRCD PRA: Clear\u00a0\u00a0\u00a0\u00a0\u00a0\u00a0\u00a0\u00a0GR PRA 1 &#8211; 2: Clear\u00a0\u00a0\u00a0\u00a0\u00a0\u00a0\u00a0\u00a0Ichtyosis: Carrier Chester was een Flinke jongeman met veel potentie op gebied van &hellip; <a href=\"https:\/\/www.valleyofgoldenglow.nl\/index.php\/fellow\/\">Lees verder <span class=\"meta-nav\">&rarr;<\/span><\/a><\/p>\n","protected":false},"author":1,"featured_media":0,"parent":0,"menu_order":0,"comment_status":"closed","ping_status":"closed","template":"","meta":{"footnotes":""},"class_list":["post-80","page","type-page","status-publish","hentry"],"_links":{"self":[{"href":"https:\/\/www.valleyofgoldenglow.nl\/index.php\/wp-json\/wp\/v2\/pages\/80","targetHints":{"allow":["GET"]}}],"collection":[{"href":"https:\/\/www.valleyofgoldenglow.nl\/index.php\/wp-json\/wp\/v2\/pages"}],"about":[{"href":"https:\/\/www.valleyofgoldenglow.nl\/index.php\/wp-json\/wp\/v2\/types\/page"}],"author":[{"embeddable":true,"href":"https:\/\/www.valleyofgoldenglow.nl\/index.php\/wp-json\/wp\/v2\/users\/1"}],"replies":[{"embeddable":true,"href":"https:\/\/www.valleyofgoldenglow.nl\/index.php\/wp-json\/wp\/v2\/comments?post=80"}],"version-history":[{"count":19,"href":"https:\/\/www.valleyofgoldenglow.nl\/index.php\/wp-json\/wp\/v2\/pages\/80\/revisions"}],"predecessor-version":[{"id":1400,"href":"https:\/\/www.valleyofgoldenglow.nl\/index.php\/wp-json\/wp\/v2\/pages\/80\/revisions\/1400"}],"wp:attachment":[{"href":"https:\/\/www.valleyofgoldenglow.nl\/index.php\/wp-json\/wp\/v2\/media?parent=80"}],"curies":[{"name":"wp","href":"https:\/\/api.w.org\/{rel}","templated":true}]}}